{"id":9451,"date":"2026-04-03T17:30:41","date_gmt":"2026-04-03T15:30:41","guid":{"rendered":"https:\/\/www.lichtenmeubels.nl\/collectie\/gelderland-7880-embrace-7881-embrace-soft\/"},"modified":"2026-04-04T03:41:25","modified_gmt":"2026-04-04T01:41:25","slug":"gelderland-7880-embrace-7881-embrace-soft","status":"publish","type":"product","link":"https:\/\/www.lichtenmeubels.nl\/en\/collection\/gelderland-7880-embrace-7881-embrace-soft\/","title":{"rendered":"Gelderland 7880 EMBRACE \/ 7881 EMBRACE SOFT"},"content":{"rendered":"<p class=\"fs-200\">\n                        Bij de 7880 Embrace sofa draait het allemaal om comfort. De bank is vriendelijk van vorm, met een strak en tijdloos onderstel en verfijnde luxe afwerking.\n                    <\/p>\n<div>\n<p>De 7880 Embrace bank is in\u00a02017 ontworpen door Jan des Bouvrie en is misschien wel de meest comfortabele Gelderland bank ooit. De brede zitting is stevig maar toch ook zacht en het bijzonder gevormde onderstel geeft de bank extra karakter.\u00a0<\/p>\n<\/div>\n<div class=\"product__description-hidden js-description-hidden-content\">\n<p>Het 7881 Soft model uit de Embrace serie onderscheidt zich van het 7880 ontwerp door zachtere en losser gestoffeerde rugkussens. Beide modellen zijn verkrijgbaar als rechte bank in verschillende uitvoeringen, als hoekbank en fauteuil. Bovendien is er ruime keuze in stoffen en kun je voor de poten kiezen uit diverse kleuren of hout. Binnen de 7881 Embrace soft serie\u00a0is de rechte bank er in twee uitvoeringen: \u00e9\u00e9n met hoge smalle armleuningen en \u00e9\u00e9n met brede lage armleuningen.<\/p>\n<p>De 7880\/7881 Embrace van Gelderland is volledig van Nederlandse bodem. De bank wordt lokaal en met de hand geproduceerd in onze eigen fabriek in Culemborg. Daarnaast maakt onze unieke stripstoffering het mogelijk om de bank opnieuw te stofferen, waardoor hij generaties lang meegaat. Wij geven 20 jaar garantie op de beukenhouten romp en 7 jaar garantie op bekledingsstoffen, leer en schuim.<\/p>\n<\/div>\n<h3>Product specificaties<\/h3>\n<p class=\"text mb-1\">\n                                Warranty: We offer a 20-year warranty on the beech wood body and a 7-year warranty on upholstery fabrics, leather and foam.\n                            <\/p>\n<p class=\"text mb-1\">\n                                Gliders included: No\n                            <\/p>\n<p class=\"text mb-1\">\n                                Productfamilie: Banken\n<\/p>\n<p class=\"text mb-1\">\n                                Totale breedte product: 201 cm (7880 \/ 7881 2,5-zits bank) 231 cm (7880 \/ 7781 3-zits bank) 261 cm (7780 \/ 7781 4-zits bank)\n                            <\/p>\n<p class=\"text mb-1\">\n                                Totale diepte product: 87 cm\n                            <\/p>\n<p class=\"text mb-1\">\n                                Totale hoogte product: 77 cm\n                            <\/p>\n<p class=\"text mb-1\">\n                                Zitdiepte: 53 cm\n                            <\/p>\n<p class=\"text mb-1\">\n                                Zithoogte: 43 cm\n                            <\/p>\n<p class=\"text mb-1\">\n                                Seat height adjustable: No\n                            <\/p>\n<h3>Materiaal<\/h3>\n<ul class=\"mb-4\">\n<li>\u2022 Massief beukenhouten romp met nosag-vering<\/li>\n<li>\u2022 Zitting en rug opgebouwd uit hoogwaardig koudschuim<\/li>\n<li>\u2022 Rugkussens voorzien van 50% eendenveren en 50% tangaflex (regelmatig opschudden)<\/li>\n<li>\u2022 Plint opgebouwd uit massief beuken en apart te bekleden<\/li>\n<li>\u2022 Onderstel van vernikkeld staal, daarna geborsteld<\/li>\n<li>\u2022 Onderstel voorzien van kunststof vloerbeschermers<\/li>\n<li>\u2022 7882 B3 2A en B4 2A is een solitatire bank en kan niet worden gecombineerd met de elementen, met uitzondering van de poef.<\/li>\n<\/ul>\n<h3>Opties<\/h3>\n<ul class=\"mb-4\">\n<li>\u2022 Onderstel RAL 9004 zwart gepoedercoat: geen meerprijs<\/li>\n<li>\u2022 Onderstel in iedere RAL kleur structuurlak: meerprijs \u20ac300<\/li>\n<li>\u2022 Plint in andere stoffering: meerprijs \u20ac290 per element<\/li>\n<li>\u2022 Rugkussens in een afwijkende bekledingskeuze: meerprijs 1 prijsklasse hoger dan de basis bekledingskeuze<\/li>\n<\/ul>","protected":false},"excerpt":{"rendered":"<p>Een hedendaagse Kubusbank<\/p>","protected":false},"featured_media":9450,"comment_status":"closed","ping_status":"closed","template":"","meta":{"_acf_changed":false,"content-type":""},"product_brand":[399],"product_cat":[321],"product_tag":[332,369],"meubelontwerper":[381],"meubel-merk":[368],"class_list":{"0":"post-9451","1":"product","2":"type-product","3":"status-publish","4":"has-post-thumbnail","6":"product_brand-gelderland","7":"product_cat-bank","8":"product_tag-bank","9":"product_tag-gelderland","10":"meubelontwerper-gelderland","11":"meubel-merk-gelderland","13":"first","14":"instock","15":"shipping-taxable","16":"product-type-simple"},"acf":[],"yoast_head":"<!-- This site is optimized with the Yoast SEO plugin v25.5 - https:\/\/yoast.com\/wordpress\/plugins\/seo\/ -->\n<title>Gelderland 7880 EMBRACE \/ 7881 EMBRACE SOFT - licht en meubels<\/title>\n<meta name=\"robots\" content=\"index, follow, max-snippet:-1, max-image-preview:large, max-video-preview:-1\" \/>\n<link rel=\"canonical\" href=\"https:\/\/www.lichtenmeubels.nl\/en\/collection\/gelderland-7880-embrace-7881-embrace-soft\/\" \/>\n<meta property=\"og:locale\" content=\"en_US\" \/>\n<meta property=\"og:type\" content=\"article\" \/>\n<meta property=\"og:title\" content=\"Gelderland 7880 EMBRACE \/ 7881 EMBRACE SOFT - licht en meubels\" \/>\n<meta property=\"og:description\" content=\"Een hedendaagse Kubusbank\" \/>\n<meta property=\"og:url\" content=\"https:\/\/www.lichtenmeubels.nl\/en\/collection\/gelderland-7880-embrace-7881-embrace-soft\/\" \/>\n<meta property=\"og:site_name\" content=\"licht en meubels\" \/>\n<meta property=\"article:modified_time\" content=\"2026-04-04T01:41:25+00:00\" \/>\n<meta property=\"og:image\" content=\"https:\/\/www.lichtenmeubels.nl\/wp-content\/uploads\/2026\/04\/Gelderland_7880_B3_72.jpg\" \/>\n\t<meta property=\"og:image:width\" content=\"850\" \/>\n\t<meta property=\"og:image:height\" content=\"567\" \/>\n\t<meta property=\"og:image:type\" content=\"image\/jpeg\" \/>\n<meta name=\"twitter:card\" content=\"summary_large_image\" \/>\n<meta name=\"twitter:label1\" content=\"Est. reading time\" \/>\n\t<meta name=\"twitter:data1\" content=\"2 minutes\" \/>\n<script type=\"application\/ld+json\" class=\"yoast-schema-graph\">{\"@context\":\"https:\/\/schema.org\",\"@graph\":[{\"@type\":\"WebPage\",\"@id\":\"https:\/\/www.lichtenmeubels.nl\/collectie\/gelderland-7880-embrace-7881-embrace-soft\/\",\"url\":\"https:\/\/www.lichtenmeubels.nl\/collectie\/gelderland-7880-embrace-7881-embrace-soft\/\",\"name\":\"Gelderland 7880 EMBRACE \/ 7881 EMBRACE SOFT - licht en meubels\",\"isPartOf\":{\"@id\":\"https:\/\/www.lichtenmeubels.nl\/#website\"},\"primaryImageOfPage\":{\"@id\":\"https:\/\/www.lichtenmeubels.nl\/collectie\/gelderland-7880-embrace-7881-embrace-soft\/#primaryimage\"},\"image\":{\"@id\":\"https:\/\/www.lichtenmeubels.nl\/collectie\/gelderland-7880-embrace-7881-embrace-soft\/#primaryimage\"},\"thumbnailUrl\":\"https:\/\/www.lichtenmeubels.nl\/wp-content\/uploads\/2026\/04\/Gelderland_7880_B3_72.jpg\",\"datePublished\":\"2026-04-03T15:30:41+00:00\",\"dateModified\":\"2026-04-04T01:41:25+00:00\",\"breadcrumb\":{\"@id\":\"https:\/\/www.lichtenmeubels.nl\/collectie\/gelderland-7880-embrace-7881-embrace-soft\/#breadcrumb\"},\"inLanguage\":\"en-US\",\"potentialAction\":[{\"@type\":\"ReadAction\",\"target\":[\"https:\/\/www.lichtenmeubels.nl\/collectie\/gelderland-7880-embrace-7881-embrace-soft\/\"]}]},{\"@type\":\"ImageObject\",\"inLanguage\":\"en-US\",\"@id\":\"https:\/\/www.lichtenmeubels.nl\/collectie\/gelderland-7880-embrace-7881-embrace-soft\/#primaryimage\",\"url\":\"https:\/\/www.lichtenmeubels.nl\/wp-content\/uploads\/2026\/04\/Gelderland_7880_B3_72.jpg\",\"contentUrl\":\"https:\/\/www.lichtenmeubels.nl\/wp-content\/uploads\/2026\/04\/Gelderland_7880_B3_72.jpg\",\"width\":850,\"height\":567},{\"@type\":\"BreadcrumbList\",\"@id\":\"https:\/\/www.lichtenmeubels.nl\/collectie\/gelderland-7880-embrace-7881-embrace-soft\/#breadcrumb\",\"itemListElement\":[{\"@type\":\"ListItem\",\"position\":1,\"name\":\"Home\",\"item\":\"https:\/\/www.lichtenmeubels.nl\/\"},{\"@type\":\"ListItem\",\"position\":2,\"name\":\"Collectie\",\"item\":\"https:\/\/www.lichtenmeubels.nl\/collectie\/\"},{\"@type\":\"ListItem\",\"position\":3,\"name\":\"Gelderland 7880 EMBRACE \/ 7881 EMBRACE SOFT\"}]},{\"@type\":\"WebSite\",\"@id\":\"https:\/\/www.lichtenmeubels.nl\/#website\",\"url\":\"https:\/\/www.lichtenmeubels.nl\/\",\"name\":\"licht en meubels\",\"description\":\"D\u00e9 woonwinkel van Amsterdam Oost\",\"publisher\":{\"@id\":\"https:\/\/www.lichtenmeubels.nl\/#organization\"},\"potentialAction\":[{\"@type\":\"SearchAction\",\"target\":{\"@type\":\"EntryPoint\",\"urlTemplate\":\"https:\/\/www.lichtenmeubels.nl\/?s={search_term_string}\"},\"query-input\":{\"@type\":\"PropertyValueSpecification\",\"valueRequired\":true,\"valueName\":\"search_term_string\"}}],\"inLanguage\":\"en-US\"},{\"@type\":\"Organization\",\"@id\":\"https:\/\/www.lichtenmeubels.nl\/#organization\",\"name\":\"licht en meubels\",\"url\":\"https:\/\/www.lichtenmeubels.nl\/\",\"logo\":{\"@type\":\"ImageObject\",\"inLanguage\":\"en-US\",\"@id\":\"https:\/\/www.lichtenmeubels.nl\/#\/schema\/logo\/image\/\",\"url\":\"https:\/\/www.lichtenmeubels.nl\/wp-content\/uploads\/2023\/05\/LogoLicht-Meubels-verticaal-zwart-1.svg\",\"contentUrl\":\"https:\/\/www.lichtenmeubels.nl\/wp-content\/uploads\/2023\/05\/LogoLicht-Meubels-verticaal-zwart-1.svg\",\"width\":130,\"height\":60,\"caption\":\"licht en meubels\"},\"image\":{\"@id\":\"https:\/\/www.lichtenmeubels.nl\/#\/schema\/logo\/image\/\"}}]}<\/script>\n<!-- \/ Yoast SEO plugin. -->","yoast_head_json":{"title":"Gelderland 7880 EMBRACE \/ 7881 EMBRACE SOFT - licht en meubels","robots":{"index":"index","follow":"follow","max-snippet":"max-snippet:-1","max-image-preview":"max-image-preview:large","max-video-preview":"max-video-preview:-1"},"canonical":"https:\/\/www.lichtenmeubels.nl\/en\/collection\/gelderland-7880-embrace-7881-embrace-soft\/","og_locale":"en_US","og_type":"article","og_title":"Gelderland 7880 EMBRACE \/ 7881 EMBRACE SOFT - licht en meubels","og_description":"Een hedendaagse Kubusbank","og_url":"https:\/\/www.lichtenmeubels.nl\/en\/collection\/gelderland-7880-embrace-7881-embrace-soft\/","og_site_name":"licht en meubels","article_modified_time":"2026-04-04T01:41:25+00:00","og_image":[{"width":850,"height":567,"url":"https:\/\/www.lichtenmeubels.nl\/wp-content\/uploads\/2026\/04\/Gelderland_7880_B3_72.jpg","type":"image\/jpeg"}],"twitter_card":"summary_large_image","twitter_misc":{"Est. reading time":"2 minutes"},"schema":{"@context":"https:\/\/schema.org","@graph":[{"@type":"WebPage","@id":"https:\/\/www.lichtenmeubels.nl\/collectie\/gelderland-7880-embrace-7881-embrace-soft\/","url":"https:\/\/www.lichtenmeubels.nl\/collectie\/gelderland-7880-embrace-7881-embrace-soft\/","name":"Gelderland 7880 EMBRACE \/ 7881 EMBRACE SOFT - licht en meubels","isPartOf":{"@id":"https:\/\/www.lichtenmeubels.nl\/#website"},"primaryImageOfPage":{"@id":"https:\/\/www.lichtenmeubels.nl\/collectie\/gelderland-7880-embrace-7881-embrace-soft\/#primaryimage"},"image":{"@id":"https:\/\/www.lichtenmeubels.nl\/collectie\/gelderland-7880-embrace-7881-embrace-soft\/#primaryimage"},"thumbnailUrl":"https:\/\/www.lichtenmeubels.nl\/wp-content\/uploads\/2026\/04\/Gelderland_7880_B3_72.jpg","datePublished":"2026-04-03T15:30:41+00:00","dateModified":"2026-04-04T01:41:25+00:00","breadcrumb":{"@id":"https:\/\/www.lichtenmeubels.nl\/collectie\/gelderland-7880-embrace-7881-embrace-soft\/#breadcrumb"},"inLanguage":"en-US","potentialAction":[{"@type":"ReadAction","target":["https:\/\/www.lichtenmeubels.nl\/collectie\/gelderland-7880-embrace-7881-embrace-soft\/"]}]},{"@type":"ImageObject","inLanguage":"en-US","@id":"https:\/\/www.lichtenmeubels.nl\/collectie\/gelderland-7880-embrace-7881-embrace-soft\/#primaryimage","url":"https:\/\/www.lichtenmeubels.nl\/wp-content\/uploads\/2026\/04\/Gelderland_7880_B3_72.jpg","contentUrl":"https:\/\/www.lichtenmeubels.nl\/wp-content\/uploads\/2026\/04\/Gelderland_7880_B3_72.jpg","width":850,"height":567},{"@type":"BreadcrumbList","@id":"https:\/\/www.lichtenmeubels.nl\/collectie\/gelderland-7880-embrace-7881-embrace-soft\/#breadcrumb","itemListElement":[{"@type":"ListItem","position":1,"name":"Home","item":"https:\/\/www.lichtenmeubels.nl\/"},{"@type":"ListItem","position":2,"name":"Collectie","item":"https:\/\/www.lichtenmeubels.nl\/collectie\/"},{"@type":"ListItem","position":3,"name":"Gelderland 7880 EMBRACE \/ 7881 EMBRACE SOFT"}]},{"@type":"WebSite","@id":"https:\/\/www.lichtenmeubels.nl\/#website","url":"https:\/\/www.lichtenmeubels.nl\/","name":"licht en meubels","description":"The home store of Amsterdam Oost","publisher":{"@id":"https:\/\/www.lichtenmeubels.nl\/#organization"},"potentialAction":[{"@type":"SearchAction","target":{"@type":"EntryPoint","urlTemplate":"https:\/\/www.lichtenmeubels.nl\/?s={search_term_string}"},"query-input":{"@type":"PropertyValueSpecification","valueRequired":true,"valueName":"search_term_string"}}],"inLanguage":"en-US"},{"@type":"Organization","@id":"https:\/\/www.lichtenmeubels.nl\/#organization","name":"licht en meubels","url":"https:\/\/www.lichtenmeubels.nl\/","logo":{"@type":"ImageObject","inLanguage":"en-US","@id":"https:\/\/www.lichtenmeubels.nl\/#\/schema\/logo\/image\/","url":"https:\/\/www.lichtenmeubels.nl\/wp-content\/uploads\/2023\/05\/LogoLicht-Meubels-verticaal-zwart-1.svg","contentUrl":"https:\/\/www.lichtenmeubels.nl\/wp-content\/uploads\/2023\/05\/LogoLicht-Meubels-verticaal-zwart-1.svg","width":130,"height":60,"caption":"licht en meubels"},"image":{"@id":"https:\/\/www.lichtenmeubels.nl\/#\/schema\/logo\/image\/"}}]}},"_links":{"self":[{"href":"https:\/\/www.lichtenmeubels.nl\/en\/wp-json\/wp\/v2\/product\/9451","targetHints":{"allow":["GET"]}}],"collection":[{"href":"https:\/\/www.lichtenmeubels.nl\/en\/wp-json\/wp\/v2\/product"}],"about":[{"href":"https:\/\/www.lichtenmeubels.nl\/en\/wp-json\/wp\/v2\/types\/product"}],"replies":[{"embeddable":true,"href":"https:\/\/www.lichtenmeubels.nl\/en\/wp-json\/wp\/v2\/comments?post=9451"}],"wp:featuredmedia":[{"embeddable":true,"href":"https:\/\/www.lichtenmeubels.nl\/en\/wp-json\/wp\/v2\/media\/9450"}],"wp:attachment":[{"href":"https:\/\/www.lichtenmeubels.nl\/en\/wp-json\/wp\/v2\/media?parent=9451"}],"wp:term":[{"taxonomy":"product_brand","embeddable":true,"href":"https:\/\/www.lichtenmeubels.nl\/en\/wp-json\/wp\/v2\/product_brand?post=9451"},{"taxonomy":"product_cat","embeddable":true,"href":"https:\/\/www.lichtenmeubels.nl\/en\/wp-json\/wp\/v2\/product_cat?post=9451"},{"taxonomy":"product_tag","embeddable":true,"href":"https:\/\/www.lichtenmeubels.nl\/en\/wp-json\/wp\/v2\/product_tag?post=9451"},{"taxonomy":"meubelontwerper","embeddable":true,"href":"https:\/\/www.lichtenmeubels.nl\/en\/wp-json\/wp\/v2\/meubelontwerper?post=9451"},{"taxonomy":"meubel-merk","embeddable":true,"href":"https:\/\/www.lichtenmeubels.nl\/en\/wp-json\/wp\/v2\/meubel-merk?post=9451"}],"curies":[{"name":"wp","href":"https:\/\/api.w.org\/{rel}","templated":true}]}}